{"id":1157,"date":"2024-01-26T22:52:58","date_gmt":"2024-01-26T22:52:58","guid":{"rendered":"https:\/\/www.mcp.ec\/web\/?page_id=1157"},"modified":"2024-01-30T21:24:21","modified_gmt":"2024-01-30T21:24:21","slug":"proyectos-fondo-mundial","status":"publish","type":"page","link":"https:\/\/www.mcp.ec\/web\/proyectos-fondo-mundial\/","title":{"rendered":"Proyectos Fondo Mundial"},"content":{"rendered":"\n<p><strong>Subvenci\u00f3n de VIH ECU-H-MOH No. 3141:<\/strong><\/p>\n\n\n\n<p>Financiamiento: US$ 6.005.764<\/p>\n\n\n\n<p>Periodo: 2023 \u2013 2025<\/p>\n\n\n\n<p>Receptor Principal: Ministerio de Salud P\u00fablica<\/p>\n\n\n\n<p>Objetivo: El Acuerdo de Subvenci\u00f3n ECU-H-MOH No. 3141 tiene por objetivo la eliminaci\u00f3n del VIH como un problema de salud p\u00fablica, a trav\u00e9s de la descentralizaci\u00f3n de los servicios de tamizaje al primer nivel, y del mejoramiento de los sistemas de recolecci\u00f3n de informaci\u00f3n para la lucha contra el VIH\/sida. El proyecto busca:<\/p>\n\n\n\n<p>1. Incrementar el acceso de poblaci\u00f3n clave al diagn\u00f3stico de VIH.<\/p>\n\n\n\n<p>2. Promover la vinculaci\u00f3n con los servicios de salud, el inicio temprano de la terapia ARV y la adherencia.<\/p>\n\n\n\n<p>3. Eliminar las barreras de acceso a servicios de salud y justicia con un enfoque de derechos humanos y participaci\u00f3n.<\/p>\n\n\n\n<p><\/p>\n\n\n\n<p><strong>Subvenci\u00f3n C19RM:<\/strong><\/p>\n\n\n\n<p>Financiamiento: US$ 412.307,95<\/p>\n\n\n\n<p>Periodo: 2021-2023<\/p>\n\n\n\n<p>Receptor Principal: Ministerio de Salud P\u00fablica<\/p>\n\n\n\n<p>El acuerdo de subvenci\u00f3n tiene por objetivo principal la prevenci\u00f3n de violencia basada en g\u00e9nero en mujeres trabajadoras sexuales y transfemeninas como parte de la respuesta nacional ante la pandemia de COVID19.<\/p>\n\n\n\n<p><strong>Encuentra el Acuerdo de Subvenci\u00f3n de No. 3141 <a rel=\"noreferrer noopener\" href=\"https:\/\/www.mcp.ec\/archivos2024\/Acuerdo_de_Subvencion.pdf\" target=\"_blank\">AQU\u00cd<\/a><\/strong><\/p>\n","protected":false},"excerpt":{"rendered":"<p>Subvenci\u00f3n de VIH ECU-H-MOH No. 3141: Financiamiento: US$ 6.005.764 Periodo: 2023 \u2013 2025 Receptor Principal: &hellip; <\/p>\n","protected":false},"author":1,"featured_media":0,"parent":0,"menu_order":0,"comment_status":"closed","ping_status":"closed","template":"","meta":[],"_links":{"self":[{"href":"https:\/\/www.mcp.ec\/web\/wp-json\/wp\/v2\/pages\/1157"}],"collection":[{"href":"https:\/\/www.mcp.ec\/web\/wp-json\/wp\/v2\/pages"}],"about":[{"href":"https:\/\/www.mcp.ec\/web\/wp-json\/wp\/v2\/types\/page"}],"author":[{"embeddable":true,"href":"https:\/\/www.mcp.ec\/web\/wp-json\/wp\/v2\/users\/1"}],"replies":[{"embeddable":true,"href":"https:\/\/www.mcp.ec\/web\/wp-json\/wp\/v2\/comments?post=1157"}],"version-history":[{"count":4,"href":"https:\/\/www.mcp.ec\/web\/wp-json\/wp\/v2\/pages\/1157\/revisions"}],"predecessor-version":[{"id":1321,"href":"https:\/\/www.mcp.ec\/web\/wp-json\/wp\/v2\/pages\/1157\/revisions\/1321"}],"wp:attachment":[{"href":"https:\/\/www.mcp.ec\/web\/wp-json\/wp\/v2\/media?parent=1157"}],"curies":[{"name":"wp","href":"https:\/\/api.w.org\/{rel}","templated":true}]}}