{"id":1132,"date":"2024-01-26T22:36:35","date_gmt":"2024-01-26T22:36:35","guid":{"rendered":"https:\/\/www.mcp.ec\/web\/?page_id=1132"},"modified":"2024-01-29T21:53:21","modified_gmt":"2024-01-29T21:53:21","slug":"funciones","status":"publish","type":"page","link":"https:\/\/www.mcp.ec\/web\/funciones\/","title":{"rendered":"Funciones"},"content":{"rendered":"\n<figure class=\"wp-block-image size-large\"><img decoding=\"async\" loading=\"lazy\" width=\"1024\" height=\"400\" src=\"https:\/\/www.mcp.ec\/web\/wp-content\/uploads\/2024\/01\/pag4-1024x400.jpg\" alt=\"\" class=\"wp-image-1209\" srcset=\"https:\/\/www.mcp.ec\/web\/wp-content\/uploads\/2024\/01\/pag4-1024x400.jpg 1024w, https:\/\/www.mcp.ec\/web\/wp-content\/uploads\/2024\/01\/pag4-300x117.jpg 300w, https:\/\/www.mcp.ec\/web\/wp-content\/uploads\/2024\/01\/pag4-768x300.jpg 768w, https:\/\/www.mcp.ec\/web\/wp-content\/uploads\/2024\/01\/pag4-154x60.jpg 154w, https:\/\/www.mcp.ec\/web\/wp-content\/uploads\/2024\/01\/pag4.jpg 1280w\" sizes=\"(max-width: 1024px) 100vw, 1024px\" \/><\/figure>\n\n\n\n<p><\/p>\n\n\n\n<p>a) Acreditar a los representantes de los sectores y subsectores del MCP-Ecuador.<\/p>\n\n\n\n<p>b) Aprobar y hacer p\u00fablicos los documentos de gobernabilidad y gesti\u00f3n del MCP-Ecuador.<\/p>\n\n\n\n<p>c) Aprobar los planes operativos, presupuestos e informe anual del MCP- Ecuador.<\/p>\n\n\n\n<p>d) Aprobar la creaci\u00f3n de comit\u00e9s y comisiones, y designar sus integrantes.<\/p>\n\n\n\n<p>e) Vigilar y evaluar el desempe\u00f1o del MCP-Ecuador y de sus miembros.<\/p>\n\n\n\n<p>f) Garantizar una convocatoria amplia de participaci\u00f3n en la elaboraci\u00f3n de propuestas para el Proyecto Ecuador a trav\u00e9s del dialogo pa\u00eds.<\/p>\n\n\n\n<p>g) Conducir, dar seguimiento y aprobar las propuestas a presentarse ante el FM.<\/p>\n\n\n\n<p>h) Garantizar que la selecci\u00f3n y evaluaci\u00f3n del desempe\u00f1o de los RP se realicen de acuerdo con los lineamientos del FM.<\/p>\n\n\n\n<p>i) Realizar un proceso continuo de monitoreo estrat\u00e9gico y tomar decisiones que conduzcan a mejorar el desempe\u00f1o de las subvenciones financiada por el FM.<\/p>\n\n\n\n<p>j) Garantizar la implementaci\u00f3n de mecanismos de divulgaci\u00f3n y rendici\u00f3n de cuentas del MCP-Ecuador hacia todos los actores involucrados especialmente a las poblaciones de mayor exposici\u00f3n al riesgo y afectadas por las enfermedades.<\/p>\n\n\n\n<p>k) Monitorear peri\u00f3dicamente que los representantes del sector de sociedad civil presenten las evidencias de la retroalimentaci\u00f3n y las decisiones tomadas en Asamblea, as\u00ed como las inquietudes y posiciones de su sector.<\/p>\n\n\n\n<p>l) Mantener v\u00ednculo con instancias multisectoriales y regionales, relacionadas al FM y otras que se consideren fundamentales en apoyo a sus funciones.<\/p>\n","protected":false},"excerpt":{"rendered":"<p>a) Acreditar a los representantes de los sectores y subsectores del MCP-Ecuador. b) Aprobar y &hellip; <\/p>\n","protected":false},"author":1,"featured_media":0,"parent":0,"menu_order":0,"comment_status":"closed","ping_status":"closed","template":"","meta":[],"_links":{"self":[{"href":"https:\/\/www.mcp.ec\/web\/wp-json\/wp\/v2\/pages\/1132"}],"collection":[{"href":"https:\/\/www.mcp.ec\/web\/wp-json\/wp\/v2\/pages"}],"about":[{"href":"https:\/\/www.mcp.ec\/web\/wp-json\/wp\/v2\/types\/page"}],"author":[{"embeddable":true,"href":"https:\/\/www.mcp.ec\/web\/wp-json\/wp\/v2\/users\/1"}],"replies":[{"embeddable":true,"href":"https:\/\/www.mcp.ec\/web\/wp-json\/wp\/v2\/comments?post=1132"}],"version-history":[{"count":3,"href":"https:\/\/www.mcp.ec\/web\/wp-json\/wp\/v2\/pages\/1132\/revisions"}],"predecessor-version":[{"id":1211,"href":"https:\/\/www.mcp.ec\/web\/wp-json\/wp\/v2\/pages\/1132\/revisions\/1211"}],"wp:attachment":[{"href":"https:\/\/www.mcp.ec\/web\/wp-json\/wp\/v2\/media?parent=1132"}],"curies":[{"name":"wp","href":"https:\/\/api.w.org\/{rel}","templated":true}]}}