{"id":1123,"date":"2024-01-26T22:28:23","date_gmt":"2024-01-26T22:28:23","guid":{"rendered":"https:\/\/www.mcp.ec\/web\/?page_id=1123"},"modified":"2024-01-30T20:46:18","modified_gmt":"2024-01-30T20:46:18","slug":"secretaria-ejecutiva","status":"publish","type":"page","link":"https:\/\/www.mcp.ec\/web\/secretaria-ejecutiva\/","title":{"rendered":"Secretar\u00eda Ejecutiva"},"content":{"rendered":"\n<figure class=\"wp-block-image size-large\"><img decoding=\"async\" loading=\"lazy\" width=\"1024\" height=\"400\" src=\"http:\/\/www.mcp.ec\/web\/wp-content\/uploads\/2024\/01\/pag3-1-1024x400.jpg\" alt=\"\" class=\"wp-image-1176\" srcset=\"https:\/\/www.mcp.ec\/web\/wp-content\/uploads\/2024\/01\/pag3-1-1024x400.jpg 1024w, https:\/\/www.mcp.ec\/web\/wp-content\/uploads\/2024\/01\/pag3-1-300x117.jpg 300w, https:\/\/www.mcp.ec\/web\/wp-content\/uploads\/2024\/01\/pag3-1-768x300.jpg 768w, https:\/\/www.mcp.ec\/web\/wp-content\/uploads\/2024\/01\/pag3-1-154x60.jpg 154w, https:\/\/www.mcp.ec\/web\/wp-content\/uploads\/2024\/01\/pag3-1.jpg 1280w\" sizes=\"(max-width: 1024px) 100vw, 1024px\" \/><\/figure>\n\n\n\n<p><\/p>\n\n\n\n<p>Es una instancia de apoyo administrativo y t\u00e9cnico del MCP Ecuador. Est\u00e1 a cargo de garantizar la implementaci\u00f3n fluida de las funciones clave del MCP Ecuador.<\/p>\n\n\n\n<p>El trabajo de la Secretar\u00eda Ejecutiva del MCP es supervisado por el Comit\u00e9 Ejecutivo, entidad a la que brinda apoyo para garantizar la aplicaci\u00f3n de principios de gobernanza.<\/p>\n","protected":false},"excerpt":{"rendered":"<p>Es una instancia de apoyo administrativo y t\u00e9cnico del MCP Ecuador. Est\u00e1 a cargo de &hellip; <\/p>\n","protected":false},"author":1,"featured_media":0,"parent":0,"menu_order":0,"comment_status":"closed","ping_status":"closed","template":"","meta":[],"_links":{"self":[{"href":"https:\/\/www.mcp.ec\/web\/wp-json\/wp\/v2\/pages\/1123"}],"collection":[{"href":"https:\/\/www.mcp.ec\/web\/wp-json\/wp\/v2\/pages"}],"about":[{"href":"https:\/\/www.mcp.ec\/web\/wp-json\/wp\/v2\/types\/page"}],"author":[{"embeddable":true,"href":"https:\/\/www.mcp.ec\/web\/wp-json\/wp\/v2\/users\/1"}],"replies":[{"embeddable":true,"href":"https:\/\/www.mcp.ec\/web\/wp-json\/wp\/v2\/comments?post=1123"}],"version-history":[{"count":5,"href":"https:\/\/www.mcp.ec\/web\/wp-json\/wp\/v2\/pages\/1123\/revisions"}],"predecessor-version":[{"id":1310,"href":"https:\/\/www.mcp.ec\/web\/wp-json\/wp\/v2\/pages\/1123\/revisions\/1310"}],"wp:attachment":[{"href":"https:\/\/www.mcp.ec\/web\/wp-json\/wp\/v2\/media?parent=1123"}],"curies":[{"name":"wp","href":"https:\/\/api.w.org\/{rel}","templated":true}]}}